{"id":1293,"date":"2026-01-16T19:23:47","date_gmt":"2026-01-16T19:23:47","guid":{"rendered":"https:\/\/logisticoah.org\/privacy-policy\/"},"modified":"2026-03-22T16:38:10","modified_gmt":"2026-03-22T16:38:10","slug":"privacy-policy","status":"publish","type":"page","link":"https:\/\/logisticoah.org\/en\/privacy-policy\/","title":{"rendered":"Privacy Policy"},"content":{"rendered":"<style>.elementor-1293 .elementor-element.elementor-element-fa3a012{--display:flex;--flex-direction:column;--container-widget-width:100%;--container-widget-height:initial;--container-widget-flex-grow:0;--container-widget-align-self:initial;--flex-wrap-mobile:wrap;--margin-top:-150px;--margin-bottom:0px;--margin-left:0px;--margin-right:0px;}.elementor-1293 .elementor-element.elementor-element-fa3a012:not(.elementor-motion-effects-element-type-background), .elementor-1293 .elementor-element.elementor-element-fa3a012 > .elementor-motion-effects-container > .elementor-motion-effects-layer{background-color:var( --e-global-color-text );}.elementor-1293 .elementor-element.elementor-element-04c2cd1{--spacer-size:150px;}.elementor-1293 .elementor-element.elementor-element-9505d4a{--display:flex;--flex-direction:column;--container-widget-width:100%;--container-widget-height:initial;--container-widget-flex-grow:0;--container-widget-align-self:initial;--flex-wrap-mobile:wrap;--padding-top:50px;--padding-bottom:30px;--padding-left:0px;--padding-right:0px;}.elementor-1293 .elementor-element.elementor-element-838b7e1 .elementor-heading-title{font-family:\"Plus Jakarta Sans\", Sans-serif;font-size:3em;font-weight:700;text-transform:uppercase;line-height:1.1em;}.elementor-1293 .elementor-element.elementor-element-9276035{text-align:justify;}:root{--page-title-display:none;}@media(max-width:1024px){.elementor-1293 .elementor-element.elementor-element-838b7e1 .elementor-heading-title{font-size:3.3em;}}@media(max-width:767px){.elementor-1293 .elementor-element.elementor-element-9505d4a{--padding-top:20px;--padding-bottom:20px;--padding-left:20px;--padding-right:20px;}.elementor-1293 .elementor-element.elementor-element-838b7e1 .elementor-heading-title{font-size:2.3em;}.elementor-1293 .elementor-element.elementor-element-9276035{text-align:justify;}}<\/style>\t\t<div data-elementor-type=\"wp-page\" data-elementor-id=\"1293\" class=\"elementor elementor-1293 elementor-3\" data-elementor-post-type=\"page\">\n\t\t\t\t<div class=\"elementor-element elementor-element-fa3a012 e-flex e-con-boxed e-con e-parent\" data-id=\"fa3a012\" data-element_type=\"container\" data-e-type=\"container\" data-settings=\"{&quot;background_background&quot;:&quot;classic&quot;}\">\n\t\t\t\t\t<div class=\"e-con-inner\">\n\t\t\t\t<div class=\"elementor-element elementor-element-04c2cd1 elementor-widget elementor-widget-spacer\" data-id=\"04c2cd1\" data-element_type=\"widget\" data-e-type=\"widget\" data-widget_type=\"spacer.default\">\n\t\t\t\t\t\t\t<div class=\"elementor-spacer\">\n\t\t\t<div class=\"elementor-spacer-inner\"><\/div>\n\t\t<\/div>\n\t\t\t\t\t\t<\/div>\n\t\t\t\t\t<\/div>\n\t\t\t\t<\/div>\n\t\t<div class=\"elementor-element elementor-element-9505d4a e-flex e-con-boxed e-con e-parent\" data-id=\"9505d4a\" data-element_type=\"container\" data-e-type=\"container\">\n\t\t\t\t\t<div class=\"e-con-inner\">\n\t\t\t\t<div class=\"elementor-element elementor-element-838b7e1 elementor-widget elementor-widget-heading\" data-id=\"838b7e1\" data-element_type=\"widget\" data-e-type=\"widget\" data-widget_type=\"heading.default\">\n\t\t\t\t\t<h1 class=\"elementor-heading-title elementor-size-default\">Privacy Policy<\/h1>\t\t\t\t<\/div>\n\t\t\t\t<div class=\"elementor-element elementor-element-9276035 elementor-widget elementor-widget-text-editor\" data-id=\"9276035\" data-element_type=\"widget\" data-e-type=\"widget\" data-widget_type=\"text-editor.default\">\n\t\t\t\t\t\t\t\t\t<p><span style=\"font-weight: 400;\">This Privacy Policy establishes the terms under which the company Cluster for Innovation and Logistics Competitiveness of Coahuila uses and protects the information provided by its users when using its website. This company is committed to the security of its users&#8217; data. When we ask you to fill in personal information fields by which you may be identified, we do so ensuring that it is only used in accordance with the terms of this document. However, this Privacy Policy may change over time or be updated, so we recommend and emphasize that you continuously review this page to ensure you agree with such changes.   <\/span><\/p><p><b>Information That Is Collected<\/b><\/p><p><span style=\"font-weight: 400;\">Our website may collect personal information such as: Name, contact information such as your email address, and demographic information. Likewise, when necessary, specific information may be required to process an order or carry out a delivery or billing. <\/span><\/p><p><b>Use of Collected Information<\/b><\/p><p><span style=\"font-weight: 400;\">Our website uses the information to provide the best possible service, particularly to maintain a record of users, orders when applicable, and improve our products and services. Periodic emails may be sent through our site with special offers, new products, and other advertising information that we consider relevant to you or that may provide some benefit. These emails will be sent to the address you provide and may be canceled at any time. <\/span><\/p><p><span style=\"font-weight: 400;\">The company Cluster for Innovation and Logistics Competitiveness of Coahuila is highly committed to fulfilling the commitment to keep your information secure. We use the most advanced systems and constantly update them to ensure that no unauthorized access exists.  <\/span><\/p><p><b>Cookies<\/b><\/p><p><span style=\"font-weight: 400;\">A cookie refers to a file that is sent for the purpose of requesting permission to be stored on your computer. By accepting this file, it is created and the cookie then serves to have information regarding web traffic, and also facilitates future visits to a recurring website. Another function that cookies have is that with them websites can recognize you individually and therefore provide you with the best personalized service on their website. <\/span><\/p><p><span style=\"font-weight: 400;\">Our website may use cookies to identify the pages that are visited and their frequency. This information will be used solely for statistical analysis and afterward the information will be permanently deleted. You may delete cookies at any time from your computer. However, cookies help provide better service from websites; they do not give access to information on your computer or about you, unless you want to and provide it directly. You may accept or deny the use of cookies; however, most browsers accept cookies automatically as they serve to have better web service. You may also change your computer settings to decline cookies. If they are declined, you may not be able to use some of our services.      <\/span><\/p><p><b>Third-Party Links<\/b><\/p><p><span style=\"font-weight: 400;\">This website may contain links to other sites that may be of interest to you. Once you click on these links and leave our site, we no longer have control over the site to which you are redirected and therefore we are not responsible for the terms or privacy or the protection of your data on those other third-party sites. Such sites are subject to their own privacy policies, so it is advisable that you consult them to confirm that you agree with them.  <\/span><\/p><p><b>Control of Your Personal Information<\/b><\/p><p><span style=\"font-weight: 400;\">At any time you may restrict the collection or use of personal information that is provided to our website. Each time you are asked to fill out a form, such as user registration, you may check or uncheck the option to receive information by email. In case you have checked the option to receive our newsletter or advertising, you may cancel it at any time.  <\/span><\/p><p><span style=\"font-weight: 400;\">This company will not sell, transfer, or distribute the personal information that is collected without your consent, unless required by a judge with a court order.<\/span><\/p><p><span style=\"font-weight: 400;\">The company Cluster for Innovation and Logistics Competitiveness of Coahuila reserves the right to change the terms of this Privacy Policy at any time. <\/span><\/p>\t\t\t\t\t\t\t\t<\/div>\n\t\t\t\t\t<\/div>\n\t\t\t\t<\/div>\n\t\t\t\t<\/div>\n\t\t","protected":false},"excerpt":{"rendered":"<p>This Privacy Policy establishes the terms under which the company Cluster for Innovation and Logistics Competitiveness of Coahuila uses and protects the information provided by its users when using its website. This company is committed to the security of its users&#8217; data. When we ask you to fill in personal information fields by which you [&hellip;]<\/p>\n","protected":false},"author":1,"featured_media":0,"parent":0,"menu_order":0,"comment_status":"closed","ping_status":"open","template":"","meta":{"footnotes":""},"class_list":["post-1293","page","type-page","status-publish","hentry"],"yoast_head":"<!-- This site is optimized with the Yoast SEO plugin v27.2 - https:\/\/yoast.com\/product\/yoast-seo-wordpress\/ -->\n<title>Privacy Policy - Cl\u00faster para la Innovaci\u00f3n y Competitividad Log\u00edstica de Coahuila<\/title>\n<meta name=\"robots\" content=\"noindex, follow\" \/>\n<meta property=\"og:locale\" content=\"en_US\" \/>\n<meta property=\"og:type\" content=\"article\" \/>\n<meta property=\"og:title\" content=\"Privacy Policy - Cl\u00faster para la Innovaci\u00f3n y Competitividad Log\u00edstica de Coahuila\" \/>\n<meta property=\"og:description\" content=\"This Privacy Policy establishes the terms under which the company Cluster for Innovation and Logistics Competitiveness of Coahuila uses and protects the information provided by its users when using its website. This company is committed to the security of its users&#8217; data. When we ask you to fill in personal information fields by which you [&hellip;]\" \/>\n<meta property=\"og:url\" content=\"https:\/\/logisticoah.org\/en\/privacy-policy\/\" \/>\n<meta property=\"og:site_name\" content=\"Cl\u00faster para la Innovaci\u00f3n y Competitividad Log\u00edstica de Coahuila\" \/>\n<meta property=\"article:modified_time\" content=\"2026-03-22T16:38:10+00:00\" \/>\n<meta name=\"twitter:card\" content=\"summary_large_image\" \/>\n<meta name=\"twitter:label1\" content=\"Est. reading time\" \/>\n\t<meta name=\"twitter:data1\" content=\"3 minutes\" \/>\n<script type=\"application\/ld+json\" class=\"yoast-schema-graph\">{\"@context\":\"https:\/\/schema.org\",\"@graph\":[{\"@type\":\"WebPage\",\"@id\":\"https:\/\/logisticoah.org\/en\/privacy-policy\/\",\"url\":\"https:\/\/logisticoah.org\/en\/privacy-policy\/\",\"name\":\"Privacy Policy - Cl\u00faster para la Innovaci\u00f3n y Competitividad Log\u00edstica de Coahuila\",\"isPartOf\":{\"@id\":\"https:\/\/logisticoah.org\/en\/#website\"},\"datePublished\":\"2026-01-16T19:23:47+00:00\",\"dateModified\":\"2026-03-22T16:38:10+00:00\",\"breadcrumb\":{\"@id\":\"https:\/\/logisticoah.org\/en\/privacy-policy\/#breadcrumb\"},\"inLanguage\":\"en-US\",\"potentialAction\":[{\"@type\":\"ReadAction\",\"target\":[\"https:\/\/logisticoah.org\/en\/privacy-policy\/\"]}]},{\"@type\":\"BreadcrumbList\",\"@id\":\"https:\/\/logisticoah.org\/en\/privacy-policy\/#breadcrumb\",\"itemListElement\":[{\"@type\":\"ListItem\",\"position\":1,\"name\":\"Portada\",\"item\":\"https:\/\/logisticoah.org\/en\/about-us\/\"},{\"@type\":\"ListItem\",\"position\":2,\"name\":\"Privacy Policy\"}]},{\"@type\":\"WebSite\",\"@id\":\"https:\/\/logisticoah.org\/en\/#website\",\"url\":\"https:\/\/logisticoah.org\/en\/\",\"name\":\"Cl\u00faster para la Innovaci\u00f3n y Competitividad Log\u00edstica de Coahuila\",\"description\":\"\",\"potentialAction\":[{\"@type\":\"SearchAction\",\"target\":{\"@type\":\"EntryPoint\",\"urlTemplate\":\"https:\/\/logisticoah.org\/en\/?s={search_term_string}\"},\"query-input\":{\"@type\":\"PropertyValueSpecification\",\"valueRequired\":true,\"valueName\":\"search_term_string\"}}],\"inLanguage\":\"en-US\"}]}<\/script>\n<!-- \/ Yoast SEO plugin. -->","yoast_head_json":{"title":"Privacy Policy - Cl\u00faster para la Innovaci\u00f3n y Competitividad Log\u00edstica de Coahuila","robots":{"index":"noindex","follow":"follow"},"og_locale":"en_US","og_type":"article","og_title":"Privacy Policy - Cl\u00faster para la Innovaci\u00f3n y Competitividad Log\u00edstica de Coahuila","og_description":"This Privacy Policy establishes the terms under which the company Cluster for Innovation and Logistics Competitiveness of Coahuila uses and protects the information provided by its users when using its website. This company is committed to the security of its users&#8217; data. When we ask you to fill in personal information fields by which you [&hellip;]","og_url":"https:\/\/logisticoah.org\/en\/privacy-policy\/","og_site_name":"Cl\u00faster para la Innovaci\u00f3n y Competitividad Log\u00edstica de Coahuila","article_modified_time":"2026-03-22T16:38:10+00:00","twitter_card":"summary_large_image","twitter_misc":{"Est. reading time":"3 minutes"},"schema":{"@context":"https:\/\/schema.org","@graph":[{"@type":"WebPage","@id":"https:\/\/logisticoah.org\/en\/privacy-policy\/","url":"https:\/\/logisticoah.org\/en\/privacy-policy\/","name":"Privacy Policy - Cl\u00faster para la Innovaci\u00f3n y Competitividad Log\u00edstica de Coahuila","isPartOf":{"@id":"https:\/\/logisticoah.org\/en\/#website"},"datePublished":"2026-01-16T19:23:47+00:00","dateModified":"2026-03-22T16:38:10+00:00","breadcrumb":{"@id":"https:\/\/logisticoah.org\/en\/privacy-policy\/#breadcrumb"},"inLanguage":"en-US","potentialAction":[{"@type":"ReadAction","target":["https:\/\/logisticoah.org\/en\/privacy-policy\/"]}]},{"@type":"BreadcrumbList","@id":"https:\/\/logisticoah.org\/en\/privacy-policy\/#breadcrumb","itemListElement":[{"@type":"ListItem","position":1,"name":"Portada","item":"https:\/\/logisticoah.org\/en\/about-us\/"},{"@type":"ListItem","position":2,"name":"Privacy Policy"}]},{"@type":"WebSite","@id":"https:\/\/logisticoah.org\/en\/#website","url":"https:\/\/logisticoah.org\/en\/","name":"Cl\u00faster para la Innovaci\u00f3n y Competitividad Log\u00edstica de Coahuila","description":"","potentialAction":[{"@type":"SearchAction","target":{"@type":"EntryPoint","urlTemplate":"https:\/\/logisticoah.org\/en\/?s={search_term_string}"},"query-input":{"@type":"PropertyValueSpecification","valueRequired":true,"valueName":"search_term_string"}}],"inLanguage":"en-US"}]}},"_hostinger_reach_plugin_has_subscription_block":false,"_hostinger_reach_plugin_is_elementor":false,"_links":{"self":[{"href":"https:\/\/logisticoah.org\/en\/wp-json\/wp\/v2\/pages\/1293","targetHints":{"allow":["GET"]}}],"collection":[{"href":"https:\/\/logisticoah.org\/en\/wp-json\/wp\/v2\/pages"}],"about":[{"href":"https:\/\/logisticoah.org\/en\/wp-json\/wp\/v2\/types\/page"}],"author":[{"embeddable":true,"href":"https:\/\/logisticoah.org\/en\/wp-json\/wp\/v2\/users\/1"}],"replies":[{"embeddable":true,"href":"https:\/\/logisticoah.org\/en\/wp-json\/wp\/v2\/comments?post=1293"}],"version-history":[{"count":1,"href":"https:\/\/logisticoah.org\/en\/wp-json\/wp\/v2\/pages\/1293\/revisions"}],"predecessor-version":[{"id":1294,"href":"https:\/\/logisticoah.org\/en\/wp-json\/wp\/v2\/pages\/1293\/revisions\/1294"}],"wp:attachment":[{"href":"https:\/\/logisticoah.org\/en\/wp-json\/wp\/v2\/media?parent=1293"}],"curies":[{"name":"wp","href":"https:\/\/api.w.org\/{rel}","templated":true}]}}